{"id":317,"date":"2016-11-22T12:03:58","date_gmt":"2016-11-22T10:03:58","guid":{"rendered":"http:\/\/tapiohaapalahti.fi\/?page_id=317"},"modified":"2025-06-23T11:48:06","modified_gmt":"2025-06-23T08:48:06","slug":"vaihtoehtoiset-vedostusmenetelmat-syanotypia","status":"publish","type":"page","link":"https:\/\/tapiohaapalahti.fi\/index.php\/vaihtoehtoiset-vedostusmenetelmat-syanotypia\/","title":{"rendered":"Vaihtoehtoiset vedostusmenetelm\u00e4t &#8211; Syanotypia"},"content":{"rendered":"\t\t<div data-elementor-type=\"wp-page\" data-elementor-id=\"317\" class=\"elementor elementor-317\">\n\t\t\t\t\t\t<div class=\"elementor-inner\">\n\t\t\t\t<div class=\"elementor-section-wrap\">\n\t\t\t\t\t\t\t\t\t<section class=\"elementor-section elementor-top-section elementor-element elementor-element-5b5ea810 elementor-section-boxed elementor-section-height-default elementor-section-height-default\" data-id=\"5b5ea810\" data-element_type=\"section\">\n\t\t\t\t\t\t<div class=\"elementor-container elementor-column-gap-default\">\n\t\t\t\t\t\t\t<div class=\"elementor-row\">\n\t\t\t\t\t<div class=\"elementor-column elementor-col-100 elementor-top-column elementor-element elementor-element-12ad43a2\" data-id=\"12ad43a2\" data-element_type=\"column\">\n\t\t\t<div class=\"elementor-column-wrap elementor-element-populated\">\n\t\t\t\t\t\t\t<div class=\"elementor-widget-wrap\">\n\t\t\t\t\t\t<div class=\"elementor-element elementor-element-432c5167 elementor-widget elementor-widget-text-editor\" data-id=\"432c5167\" data-element_type=\"widget\" data-widget_type=\"text-editor.default\">\n\t\t\t\t<div class=\"elementor-widget-container\">\n\t\t\t\t\t\t\t\t<div class=\"elementor-text-editor elementor-clearfix\">\n\t\t\t\t<p>Syanotypia- eli sinikopiotekniikka on vuodelta 1842 per\u00e4isin oleva jalovedostusmenetelmiin kuuluva valokuvatekniikka.<br>Syanotypia perustuu kahteen rautasuolaan, jotka yhdistet\u00e4\u00e4n ja valotetaan UV-valolla (UV-lamput, aurinko) ja kehitet\u00e4\u00e4n vedell\u00e4.<br>Valottamisen tuloksena syntyy preussinsininen pigmentti, joka on hyvin s\u00e4ilyv\u00e4 (s\u00e4vytett\u00e4viss\u00e4).<br>Syanotypiatekniikkaa kutsutaan my\u00f6s aurinkokuviksi. Kuvat voidaan valottaa siis ilmikopiomenetelm\u00e4ll\u00e4 (pinnakkaistekniikka) auringon valossa.<br>Syanotypia on k\u00e4yt\u00e4nn\u00f6ss\u00e4 l\u00e4hes myrkyt\u00f6n vedostusmenetelm\u00e4, joten se sopii my\u00f6s hyvin nuorten taideprojekteihin.<\/p>\n<p>Vedostaminen tapahtuu kurssilaisten <strong>omista<\/strong> negatiiveista&nbsp;[suurnegatiivi, min. 9x12cm joko pimi\u00f6ss\u00e4 valmistettu tai digitaalisesti tulostettu, my\u00f6s esim. kinofilmi kollaaseja voi k\u00e4ytt\u00e4\u00e4], tai my\u00f6s muita materiaaleja l\u00e4pivalottamalla (kasvit, pitsikankaat, sulat, yms.) Sek\u00e4 vanhoja lasinegatiiveja on mahdollista k\u00e4ytt\u00e4\u00e4.&nbsp;<br><strong>Kaikki muu materiaali, vedostuspaperit, kemikaalit ja ty\u00f6ss\u00e4 tarvittava v\u00e4lineist\u00f6 on tarjolla ty\u00f6pajan pit\u00e4j\u00e4n puolesta.<\/strong><\/p>\n<p><b>Ty\u00f6paja pidet\u00e4\u00e4n elokuussa ??????????? klo 10:00 &#8211; 18:00.<br><\/b>Pitk\u00e4n p\u00e4iv\u00e4n vuoksi ota omat ev\u00e4\u00e4t mukaan!<br><strong>Opetuspaikka:&nbsp;<\/strong>Kulttuurikeskus Vanha Paukku, LAPUA (Lyijylankaosasto).<br><b>Ilmoittautuminen:<\/b>&nbsp;<a href=\"mailto: eija.poyry@gmail.com\" target=\"_blank\" rel=\"noopener\">eija.poyry@gmail.com<\/a><br>Ilmoittautumiset vahvistetaan ilmoittautumisj\u00e4rjestyksess\u00e4.<br><strong>Opettaja:<\/strong>&nbsp;Tapio Haapalahti<br><strong>Kurssin oppimateriaalin l\u00e4hde:<\/strong> <br>Jalo Porkkala, &nbsp;<a href=\"http:\/\/samk.pikakirjakauppa.fi\/tuote\/porkkala_jalo\/koyha_dagerrotyyppi_vaihtoehtoisia_valokuvamenetelmia\/9789516330887\"><strong>K\u00f6yh\u00e4 Dagerrotyyppi<\/strong>; ISBN-13: 9789516330887<\/a>&nbsp;<br>Julkaisu .PDF formaatissa:&nbsp;<a href=\"https:\/\/www.theseus.fi\/bitstream\/handle\/10024\/345012\/2012_D_koyha_dagerrotyyppi.pdf\">https:\/\/www.theseus.fi\/bitstream\/handle\/10024\/345012\/2012_D_koyha_dagerrotyyppi.pdf<\/a><\/p>\n<p><strong>Kurssimaksu:<\/strong>&nbsp; 40\u20ac\/hl\u00f6 (POVAN j\u00e4senet 20\u20ac\/hl\u00f6), max.10 hl\u00f6\/ty\u00f6paja.<br>Sis. Opetus, oppimateriaalit (ty\u00f6ohje), vedosten materiaalikulu [4 kpl A4 kokoisia vedoksia (paperit, kemiat)] sis\u00e4ltyy hintaan.<br>Kurssilla mahdollisuus ostaa ohjaajalta lis\u00e4materiaalia tarvittaessa.<\/p>\n<p><strong>Ty\u00f6pajan j\u00e4rjest\u00e4\u00e4 POVA, Pohjanmaan Valokuvakeskus LAKEUS ry<br><br><\/strong><\/p>\t\t\t\t\t<\/div>\n\t\t\t\t\t\t<\/div>\n\t\t\t\t<\/div>\n\t\t\t\t\t\t<\/div>\n\t\t\t\t\t<\/div>\n\t\t<\/div>\n\t\t\t\t\t\t\t\t<\/div>\n\t\t\t\t\t<\/div>\n\t\t<\/section>\n\t\t\t\t\t\t\t\t\t<\/div>\n\t\t\t<\/div>\n\t\t\t\t\t<\/div>\n\t\t","protected":false},"excerpt":{"rendered":"<p>Syanotypia- eli sinikopiotekniikka on vuodelta 1842 per\u00e4isin oleva jalovedostusmenetelmiin kuuluva valokuvatekniikka.Syanotypia perustuu kahteen rautasuolaan, jotka yhdistet\u00e4\u00e4n ja valotetaan UV-valolla (UV-lamput, aurinko) ja kehitet\u00e4\u00e4n vedell\u00e4.Valottamisen tuloksena syntyy preussinsininen pigmentti, joka on hyvin s\u00e4ilyv\u00e4 (s\u00e4vytett\u00e4viss\u00e4).Syanotypiatekniikkaa kutsutaan my\u00f6s aurinkokuviksi. Kuvat voidaan valottaa siis&#8230; <a href=\"https:\/\/tapiohaapalahti.fi\/index.php\/vaihtoehtoiset-vedostusmenetelmat-syanotypia\/\" class=\"read-more\">Read More<\/a><\/p>\n","protected":false},"author":1,"featured_media":0,"parent":0,"menu_order":0,"comment_status":"closed","ping_status":"closed","template":"","meta":[],"_links":{"self":[{"href":"https:\/\/tapiohaapalahti.fi\/index.php\/wp-json\/wp\/v2\/pages\/317"}],"collection":[{"href":"https:\/\/tapiohaapalahti.fi\/index.php\/wp-json\/wp\/v2\/pages"}],"about":[{"href":"https:\/\/tapiohaapalahti.fi\/index.php\/wp-json\/wp\/v2\/types\/page"}],"author":[{"embeddable":true,"href":"https:\/\/tapiohaapalahti.fi\/index.php\/wp-json\/wp\/v2\/users\/1"}],"replies":[{"embeddable":true,"href":"https:\/\/tapiohaapalahti.fi\/index.php\/wp-json\/wp\/v2\/comments?post=317"}],"version-history":[{"count":87,"href":"https:\/\/tapiohaapalahti.fi\/index.php\/wp-json\/wp\/v2\/pages\/317\/revisions"}],"predecessor-version":[{"id":19065,"href":"https:\/\/tapiohaapalahti.fi\/index.php\/wp-json\/wp\/v2\/pages\/317\/revisions\/19065"}],"wp:attachment":[{"href":"https:\/\/tapiohaapalahti.fi\/index.php\/wp-json\/wp\/v2\/media?parent=317"}],"curies":[{"name":"wp","href":"https:\/\/api.w.org\/{rel}","templated":true}]}}