{"id":265,"date":"2016-11-14T18:14:24","date_gmt":"2016-11-14T16:14:24","guid":{"rendered":"http:\/\/tapiohaapalahti.fi\/?page_id=265"},"modified":"2022-02-06T20:26:24","modified_gmt":"2022-02-06T18:26:24","slug":"digitaalinegatiivien-tulostuspalvelu","status":"publish","type":"page","link":"https:\/\/tapiohaapalahti.fi\/index.php\/digitaalinegatiivien-tulostuspalvelu\/","title":{"rendered":"Digitaalinegatiivien tulostuspalvelu"},"content":{"rendered":"\t\t<div data-elementor-type=\"wp-page\" data-elementor-id=\"265\" class=\"elementor elementor-265\">\n\t\t\t\t\t\t<div class=\"elementor-inner\">\n\t\t\t\t<div class=\"elementor-section-wrap\">\n\t\t\t\t\t\t\t\t\t<section class=\"elementor-section elementor-top-section elementor-element elementor-element-73c9db1 elementor-section-boxed elementor-section-height-default elementor-section-height-default\" data-id=\"73c9db1\" data-element_type=\"section\">\n\t\t\t\t\t\t<div class=\"elementor-container elementor-column-gap-default\">\n\t\t\t\t\t\t\t<div class=\"elementor-row\">\n\t\t\t\t\t<div class=\"elementor-column elementor-col-100 elementor-top-column elementor-element elementor-element-3103c0be\" data-id=\"3103c0be\" data-element_type=\"column\">\n\t\t\t<div class=\"elementor-column-wrap elementor-element-populated\">\n\t\t\t\t\t\t\t<div class=\"elementor-widget-wrap\">\n\t\t\t\t\t\t<div class=\"elementor-element elementor-element-d29d102 elementor-widget elementor-widget-text-editor\" data-id=\"d29d102\" data-element_type=\"widget\" data-widget_type=\"text-editor.default\">\n\t\t\t\t<div class=\"elementor-widget-container\">\n\t\t\t\t\t\t\t\t<div class=\"elementor-text-editor elementor-clearfix\">\n\t\t\t\t<p><strong>Tilauksesta pystyn tarjoamaan laadukkaita digitaalinegatiiveja vaihtoehtoisiin vedostusmenetelmiin.<\/strong><br>[Syanotypia, SaltPrint, Kallitypia, VanDyke, Palladium\/Platina, jne.]<br>Tuloste kalibroidulla n\u00e4yt\u00f6ll\u00e4 + <em><strong>EPSON Stylus Pro 4900<\/strong><\/em> tulostimella ja aidoilla Epson UltraChrome K3 musteilla.<br>Negatiivikalvo ja ICC profiili on <b>AGFA CopyJet<\/b>. [Quad ToneRIP]<\/p>\n<p><span style=\"text-decoration: underline;\"><strong>Paras laatu saadaan seuraavilla arvoilla<\/strong>:<\/span><br>A4 Paras laatu \/ paljon detaljia + s\u00e4vyliukumia = pisin sivu n. 5000pix (tuloste 600ppi)<br>A4 normaali laatu (yleens\u00e4 riitt\u00e4v\u00e4 pinnakkaistekniikoihin) = pisin sivu n. 2500pix (tuloste 300ppi)<\/p>\n<p>A3 Paras laatu \/ paljon detaljia + s\u00e4vyliukumia = pisin sivu n. 10 000pix (tuloste 600ppi)<br>A3 normaali laatu (yleens\u00e4 riitt\u00e4v\u00e4 pinnakkaistekniikoihin) = pisin sivu n. 5000pix (tuloste 300ppi)<br><\/p>\n<p>A2 Paras laatu \/ paljon detaljia + s\u00e4vyliukumia = pisin sivu n. 20 000pix (tuloste 600ppi)<br>A2 normaali laatu (yleens\u00e4 riitt\u00e4v\u00e4 pinnakkaistekniikoihin) = pisin sivu n. 10000pix (tuloste 300ppi)<\/p>\n<p>My\u00f6s pienemmill\u00e4 resoluutoilla olevia kuvia voidaan tulostaa, negatiivin laadun kustannuksella.<br>T\u00e4ll\u00e4 ei niin merkityst\u00e4 &#8221;graafisissa&#8221; kuvissa ilman detaljeja \/ pitki\u00e4 s\u00e4vyliukumia.<\/p>\n<p><strong><u>Tiedostot toimitetaan valmiina negatiivitiedostona, mielell\u00e4\u00e4n .TIFF muodossa!<\/u><\/strong><br>(my\u00f6s .JPG k\u00e4y, mutta huonompi laatu pakkauksen vuoksi)<br><b>Tulostettavan tiedoston toimitus <span style=\"text-decoration: underline;\">vain<\/span> dropbox tai WeTransfer, tms. linkkin\u00e4.<\/b><br>(S\u00e4hk\u00f6postiini ei mahdu isoja tiedostoja)<br><b>Kuva tulostetaan suoraan l\u00e4hetetyst\u00e4 tiedostosta ilman korjailua.<br><\/b><strong>Linkki muokkausohjeisiin&nbsp; <a href=\"http:\/\/www.alternativephotography.com\/curve-corner-photoshop-curves\/\">AlternativePhotography.com<\/a><br>Tai ohjelmalla QTR:<br><a href=\"https:\/\/www.bwmastery.com\/quadtoneprofiler-digital-negatives\">https:\/\/www.bwmastery.com\/quadtoneprofiler-digital-negatives<\/a><br>Mahdollinen editointi\/korjailuty\u00f6 negatiivia varten vain erillisest\u00e4 pyynn\u00f6st\u00e4 ja tapauskohtaisesti, hinta 25\u20ac &#8211; 250\u20ac\/kuva<\/strong><\/p>\n<p><strong>HUOM:<br><\/strong> Tulostettuun kalvoon j\u00e4\u00e4 n. 2mm kirkkaat marginaalit<span style=\"font-size: inherit;\">Toimitus nouto \/ posti, mahdollinen postituskulu lis\u00e4t\u00e4\u00e4n hintaan!<\/span><\/p>\n<div>\n<p><strong>TIEDUSTELUT:<br><\/strong>Tapio Haapalahti<br>tapio.haapalahti<wbr>@gmail.com<br>p: 045 639 3368<\/p>\n<\/div>\t\t\t\t\t<\/div>\n\t\t\t\t\t\t<\/div>\n\t\t\t\t<\/div>\n\t\t\t\t\t\t<\/div>\n\t\t\t\t\t<\/div>\n\t\t<\/div>\n\t\t\t\t\t\t\t\t<\/div>\n\t\t\t\t\t<\/div>\n\t\t<\/section>\n\t\t\t\t\t\t\t\t\t<\/div>\n\t\t\t<\/div>\n\t\t\t\t\t<\/div>\n\t\t","protected":false},"excerpt":{"rendered":"<p>Tilauksesta pystyn tarjoamaan laadukkaita digitaalinegatiiveja vaihtoehtoisiin vedostusmenetelmiin.[Syanotypia, SaltPrint, Kallitypia, VanDyke, Palladium\/Platina, jne.]Tuloste kalibroidulla n\u00e4yt\u00f6ll\u00e4 + EPSON Stylus Pro 4900 tulostimella ja aidoilla Epson UltraChrome K3 musteilla.Negatiivikalvo ja ICC profiili on AGFA CopyJet. [Quad ToneRIP] Paras laatu saadaan seuraavilla arvoilla:A4 Paras&#8230; <a href=\"https:\/\/tapiohaapalahti.fi\/index.php\/digitaalinegatiivien-tulostuspalvelu\/\" class=\"read-more\">Read More<\/a><\/p>\n","protected":false},"author":1,"featured_media":0,"parent":0,"menu_order":0,"comment_status":"closed","ping_status":"closed","template":"","meta":[],"_links":{"self":[{"href":"https:\/\/tapiohaapalahti.fi\/index.php\/wp-json\/wp\/v2\/pages\/265"}],"collection":[{"href":"https:\/\/tapiohaapalahti.fi\/index.php\/wp-json\/wp\/v2\/pages"}],"about":[{"href":"https:\/\/tapiohaapalahti.fi\/index.php\/wp-json\/wp\/v2\/types\/page"}],"author":[{"embeddable":true,"href":"https:\/\/tapiohaapalahti.fi\/index.php\/wp-json\/wp\/v2\/users\/1"}],"replies":[{"embeddable":true,"href":"https:\/\/tapiohaapalahti.fi\/index.php\/wp-json\/wp\/v2\/comments?post=265"}],"version-history":[{"count":71,"href":"https:\/\/tapiohaapalahti.fi\/index.php\/wp-json\/wp\/v2\/pages\/265\/revisions"}],"predecessor-version":[{"id":18897,"href":"https:\/\/tapiohaapalahti.fi\/index.php\/wp-json\/wp\/v2\/pages\/265\/revisions\/18897"}],"wp:attachment":[{"href":"https:\/\/tapiohaapalahti.fi\/index.php\/wp-json\/wp\/v2\/media?parent=265"}],"curies":[{"name":"wp","href":"https:\/\/api.w.org\/{rel}","templated":true}]}}