{"id":2,"date":"2016-06-17T09:40:46","date_gmt":"2016-06-17T06:40:46","guid":{"rendered":"http:\/\/tapiohaapalahti.fi\/?page_id=2"},"modified":"2024-01-31T16:43:12","modified_gmt":"2024-01-31T14:43:12","slug":"esimerkkisivu","status":"publish","type":"page","link":"https:\/\/tapiohaapalahti.fi\/","title":{"rendered":"INFO &#038; Contact"},"content":{"rendered":"\t\t<div data-elementor-type=\"wp-post\" data-elementor-id=\"2\" class=\"elementor elementor-2\">\n\t\t\t\t\t\t<div class=\"elementor-inner\">\n\t\t\t\t<div class=\"elementor-section-wrap\">\n\t\t\t\t\t\t\t\t\t<section class=\"elementor-section elementor-top-section elementor-element elementor-element-6dk3v8f elementor-section-boxed elementor-section-height-default elementor-section-height-default\" data-id=\"6dk3v8f\" data-element_type=\"section\">\n\t\t\t\t\t\t<div class=\"elementor-container elementor-column-gap-default\">\n\t\t\t\t\t\t\t<div class=\"elementor-row\">\n\t\t\t\t\t<div class=\"elementor-column elementor-col-33 elementor-top-column elementor-element elementor-element-ubi3k24\" data-id=\"ubi3k24\" data-element_type=\"column\">\n\t\t\t<div class=\"elementor-column-wrap elementor-element-populated\">\n\t\t\t\t\t\t\t<div class=\"elementor-widget-wrap\">\n\t\t\t\t\t\t<div class=\"elementor-element elementor-element-vmyi9f2 elementor-widget elementor-widget-image\" data-id=\"vmyi9f2\" data-element_type=\"widget\" data-widget_type=\"image.default\">\n\t\t\t\t<div class=\"elementor-widget-container\">\n\t\t\t\t\t\t\t\t<div class=\"elementor-image\">\n\t\t\t\t\t\t\t\t\t<figure class=\"wp-caption\">\n\t\t\t\t\t\t\t\t\t\t<img decoding=\"async\" width=\"640\" height=\"458\" src=\"https:\/\/tapiohaapalahti.fi\/wp-content\/uploads\/2020\/12\/oma-1024x732.jpg\" class=\"attachment-large size-large\" alt=\"Kuva: Markku Lilja\" loading=\"lazy\" srcset=\"https:\/\/tapiohaapalahti.fi\/wp-content\/uploads\/2020\/12\/oma-1024x732.jpg 1024w, https:\/\/tapiohaapalahti.fi\/wp-content\/uploads\/2020\/12\/oma-300x214.jpg 300w, https:\/\/tapiohaapalahti.fi\/wp-content\/uploads\/2020\/12\/oma-768x549.jpg 768w, https:\/\/tapiohaapalahti.fi\/wp-content\/uploads\/2020\/12\/oma-1536x1097.jpg 1536w, https:\/\/tapiohaapalahti.fi\/wp-content\/uploads\/2020\/12\/oma.jpg 2048w\" sizes=\"(max-width: 640px) 100vw, 640px\" \/>\t\t\t\t\t\t\t\t\t\t\t<figcaption class=\"widget-image-caption wp-caption-text\">Tapio Haapalahti [Photo: Markku Lilja]<\/figcaption>\n\t\t\t\t\t\t\t\t\t\t<\/figure>\n\t\t\t\t\t\t\t\t<\/div>\n\t\t\t\t\t\t<\/div>\n\t\t\t\t<\/div>\n\t\t\t\t<div class=\"elementor-element elementor-element-305c059 elementor-widget elementor-widget-image\" data-id=\"305c059\" data-element_type=\"widget\" data-widget_type=\"image.default\">\n\t\t\t\t<div class=\"elementor-widget-container\">\n\t\t\t\t\t\t\t\t<div class=\"elementor-image\">\n\t\t\t\t\t\t\t\t\t<figure class=\"wp-caption\">\n\t\t\t\t\t\t\t\t\t\t<img decoding=\"async\" width=\"640\" height=\"640\" src=\"https:\/\/tapiohaapalahti.fi\/wp-content\/uploads\/2021\/05\/miekilli-1024x1024.jpeg\" class=\"attachment-large size-large\" alt=\"\" loading=\"lazy\" srcset=\"https:\/\/tapiohaapalahti.fi\/wp-content\/uploads\/2021\/05\/miekilli-1024x1024.jpeg 1024w, https:\/\/tapiohaapalahti.fi\/wp-content\/uploads\/2021\/05\/miekilli-300x300.jpeg 300w, https:\/\/tapiohaapalahti.fi\/wp-content\/uploads\/2021\/05\/miekilli-150x150.jpeg 150w, https:\/\/tapiohaapalahti.fi\/wp-content\/uploads\/2021\/05\/miekilli-768x768.jpeg 768w, https:\/\/tapiohaapalahti.fi\/wp-content\/uploads\/2021\/05\/miekilli.jpeg 1077w\" sizes=\"(max-width: 640px) 100vw, 640px\" \/>\t\t\t\t\t\t\t\t\t\t\t<figcaption class=\"widget-image-caption wp-caption-text\">Tapio Haapalahti [Photo: Ari Kalinen]<\/figcaption>\n\t\t\t\t\t\t\t\t\t\t<\/figure>\n\t\t\t\t\t\t\t\t<\/div>\n\t\t\t\t\t\t<\/div>\n\t\t\t\t<\/div>\n\t\t\t\t<div class=\"elementor-element elementor-element-gfnhl7c elementor-widget elementor-widget-image\" data-id=\"gfnhl7c\" data-element_type=\"widget\" data-widget_type=\"image.default\">\n\t\t\t\t<div class=\"elementor-widget-container\">\n\t\t\t\t\t\t\t\t<div class=\"elementor-image\">\n\t\t\t\t\t\t\t\t\t<figure class=\"wp-caption\">\n\t\t\t\t\t\t\t\t\t\t<img decoding=\"async\" width=\"405\" height=\"405\" src=\"https:\/\/tapiohaapalahti.fi\/wp-content\/uploads\/2016\/06\/Me_and_my_camera.jpeg\" class=\"attachment-large size-large\" alt=\"\u00a9 Tapio Haapalahti 2016\" loading=\"lazy\" srcset=\"https:\/\/tapiohaapalahti.fi\/wp-content\/uploads\/2016\/06\/Me_and_my_camera.jpeg 405w, https:\/\/tapiohaapalahti.fi\/wp-content\/uploads\/2016\/06\/Me_and_my_camera-150x150.jpeg 150w, https:\/\/tapiohaapalahti.fi\/wp-content\/uploads\/2016\/06\/Me_and_my_camera-300x300.jpeg 300w\" sizes=\"(max-width: 405px) 100vw, 405px\" \/>\t\t\t\t\t\t\t\t\t\t\t<figcaption class=\"widget-image-caption wp-caption-text\">Tapio Haapalahti [Photo: Ari Kalinen]<\/figcaption>\n\t\t\t\t\t\t\t\t\t\t<\/figure>\n\t\t\t\t\t\t\t\t<\/div>\n\t\t\t\t\t\t<\/div>\n\t\t\t\t<\/div>\n\t\t\t\t\t\t<\/div>\n\t\t\t\t\t<\/div>\n\t\t<\/div>\n\t\t\t\t<div class=\"elementor-column elementor-col-66 elementor-top-column elementor-element elementor-element-d54xkyx\" data-id=\"d54xkyx\" data-element_type=\"column\">\n\t\t\t<div class=\"elementor-column-wrap elementor-element-populated\">\n\t\t\t\t\t\t\t<div class=\"elementor-widget-wrap\">\n\t\t\t\t\t\t<div class=\"elementor-element elementor-element-do7rqef elementor-widget elementor-widget-text-editor\" data-id=\"do7rqef\" data-element_type=\"widget\" data-widget_type=\"text-editor.default\">\n\t\t\t\t<div class=\"elementor-widget-container\">\n\t\t\t\t\t\t\t\t<div class=\"elementor-text-editor elementor-clearfix\">\n\t\t\t\t<p><strong>Olen 1962 Oulussa syntynyt valokuvaaja (VAT) ja valokuvataiteija, sek\u00e4 vaihtoehtoisten vedostustekniikoiden kouluttaja.<\/strong><br \/>Ensimm\u00e4iset kuvani otin, kehitin ja vedostin tuossa 70-luvun loppupuolella. Siit\u00e4 saakka olen kuvaillut vaihtelevalla innostuksella, viime vuosina kuitenkin vapaa-ajan lis\u00e4\u00e4nnytty\u00e4 aina enemm\u00e4n ja enemm\u00e4n. Lis\u00e4ksi olen perehtynyt vanhoihin valokuvaus ja vedostusmenetelmiin.<\/p><p>Kev\u00e4\u00e4st\u00e4 2019 saakka olen toiminut\u00a0<b><a href=\"http:\/\/www.pova.fi\/valokuvakeskus\/\" target=\"_blank\" rel=\"noopener\">Pohjanmaan valokuvakeskuksen [POVA]<\/a>\u00a0<\/b>hallituksessa, sek\u00e4 POVAn pimi\u00f6\/koulutusvastaavana ja vedostustekniikoiden asiantuntijana. Lis\u00e4ksi toimin <strong><a href=\"https:\/\/kurikankuvataideyhdistys.blogspot.com\/\">Kurikan Kuvataideyhdistys Ry<\/a><\/strong>:n hallituksessa.<em><strong>\u00a0<\/strong><\/em><span style=\"background-color: inherit;\">Koordinoin ja kuratoin\u00a0<\/span><a href=\"https:\/\/galleriakurikka.fi\/\" target=\"_blank\" rel=\"noopener\"><b>Galleria\u00a0Kurikan Wanhan Aseman<\/b><\/a><span style=\"background-color: inherit;\">\u00a0n\u00e4yttelyit\u00e4<\/span><span style=\"background-color: inherit;\">.\u00a0<\/span><span style=\"background-color: inherit;\">Olen my\u00f6s\u00a0\u00a0<\/span><strong style=\"background-color: inherit;\">Tampere Camera Fair,\u00a0<\/strong><span style=\"background-color: inherit;\">valokuvaajien kansainv\u00e4lisen tapahtuman perustaja,<\/span><span style=\"background-color: inherit;\">sek\u00e4 toimin vuoteen 2018 saakka tapahtuman koordinaattorina.\u00a0<\/span><strong style=\"background-color: inherit;\">Tampere Camera Fair<\/strong><span style=\"background-color: inherit;\">\u00a0tapahtumaa jatkaa rakentamissani puitteissa omalla konseptillaan\u00a0<\/span><b>Tampere Photo Festival<\/b><span style=\"background-color: inherit;\">\u00a0\/ Tampereen Valokuvausseura Ry.<br \/>Valokuvaajan ammattitutkinnon (VAT) suoritin Pohjois-Karjalan koulutuskuntayhtym\u00e4 Riveriassa 2021-2022.<\/span><\/p><p><span style=\"background-color: inherit;\">2013 aloin ty\u00f6skennell\u00e4 <b>Kameratori Oy<\/b>:lle kamerateknikkona huoltaen ja tarkistaen sis\u00e4\u00e4n saapuvaa kalustoa, samalla rakentaen edellytyksi\u00e4 ko. yrityksen kamerahuollolle ja filmilaboratoriolle. Tein ohessa my\u00f6s erikoisempien tuotteiden tuotekuvausta ja myyntiluettelointia. Sielt\u00e4 2017 alussa j\u00e4\u00e4ty\u00e4ni kokonaan pois sairauteni vuoksi huolto muuttui <b>Cameramakers\u00a0<\/b>organisaatioksi ja on t\u00e4n\u00e4 p\u00e4iv\u00e4n\u00e4 euroopan laajuisesti merkitt\u00e4vin analogisten kameroiden huoltopiste. Harrastus j\u00e4i, ja teen edelleenkin wanhojen isoformaattikameroiden ja niiden optiikoiden entis\u00f6inti\u00e4.\u00a0<\/span><span style=\"background-color: inherit;\">Kunnostetut laitteet yleens\u00e4 pid\u00e4n itsell\u00e4ni kokoelmissani ja parhaat yksil\u00f6t otan aktiiviseen kuvausk\u00e4ytt\u00f6\u00f6ni. Lis\u00e4ksi pyrin ett\u00e4 harvinaisimmat kamerat tulisivat julkiseen sijoitukseen ja maksuttomaan k\u00e4ytt\u00f6\u00f6n tuomaan nautintoa kaikille perinteist\u00e4 valokuvaa rakastaville. T\u00e4m\u00e4 toiminta hiipui kuitenkin sairauteni pahenemisen vuoksi 2019 ja jouduin lopettamaan rakkaan harrastukseni. Kaikki kalusto luovutettu eteenp\u00e4in niit\u00e4 enemm\u00e4n k\u00e4ytt\u00e4ville.<br \/><\/span><span style=\"background-color: inherit;\">Toimin muun ohessa vuosina 2014-2016 <strong>Suomen Valokuvahistoriallisen yhdistyksen<\/strong> hallituksessa ja koulutusvastaavana, sek\u00e4 koulutin 2016-2017 perinteisi\u00e4 ja vaihtoehtoisia vedostustekniikoita mm. <\/span><strong style=\"background-color: inherit;\">Tampereen Kes\u00e4yliopiston\u00a0 \/ Lapin Yliopiston<\/strong><span style=\"background-color: inherit;\"> opiskelijoille.<br \/><br \/><\/span><\/p>\t\t\t\t\t<\/div>\n\t\t\t\t\t\t<\/div>\n\t\t\t\t<\/div>\n\t\t\t\t<div class=\"elementor-element elementor-element-wp1ckdt elementor-widget elementor-widget-text-editor\" data-id=\"wp1ckdt\" data-element_type=\"widget\" data-widget_type=\"text-editor.default\">\n\t\t\t\t<div class=\"elementor-widget-container\">\n\t\t\t\t\t\t\t\t<div class=\"elementor-text-editor elementor-clearfix\">\n\t\t\t\t<p><b>Tapio Haapalahti (VAT)<\/b><br \/><strong><a href=\"mailto:tapio.haapalahti@gmail.com\">tapio.haapalahti@gmail.com<\/a><br \/>P: <\/strong>+358 45 6393368<\/p>\t\t\t\t\t<\/div>\n\t\t\t\t\t\t<\/div>\n\t\t\t\t<\/div>\n\t\t\t\t\t\t<\/div>\n\t\t\t\t\t<\/div>\n\t\t<\/div>\n\t\t\t\t\t\t\t\t<\/div>\n\t\t\t\t\t<\/div>\n\t\t<\/section>\n\t\t\t\t<section class=\"elementor-section elementor-top-section elementor-element elementor-element-hq5ohne elementor-section-boxed elementor-section-height-default elementor-section-height-default\" data-id=\"hq5ohne\" data-element_type=\"section\">\n\t\t\t\t\t\t<div class=\"elementor-container elementor-column-gap-default\">\n\t\t\t\t\t\t\t<div class=\"elementor-row\">\n\t\t\t\t\t<div class=\"elementor-column elementor-col-100 elementor-top-column elementor-element elementor-element-a13240b\" data-id=\"a13240b\" data-element_type=\"column\">\n\t\t\t<div class=\"elementor-column-wrap elementor-element-populated\">\n\t\t\t\t\t\t\t<div class=\"elementor-widget-wrap\">\n\t\t\t\t\t\t<div class=\"elementor-element elementor-element-d3acbdf elementor-widget elementor-widget-heading\" data-id=\"d3acbdf\" data-element_type=\"widget\" data-widget_type=\"heading.default\">\n\t\t\t\t<div class=\"elementor-widget-container\">\n\t\t\t<h2 class=\"elementor-heading-title elementor-size-default\"><a href=\"https:\/\/hopeaajavaloa.fi\/\">Tutustu vanhoja tekniikoita tarjoavaan sivustoon tast\u00e4 linkist\u00e4\nHOPEAAJAVALOA.FI<\/a><\/h2>\t\t<\/div>\n\t\t\t\t<\/div>\n\t\t\t\t\t\t<\/div>\n\t\t\t\t\t<\/div>\n\t\t<\/div>\n\t\t\t\t\t\t\t\t<\/div>\n\t\t\t\t\t<\/div>\n\t\t<\/section>\n\t\t\t\t\t\t\t\t\t<\/div>\n\t\t\t<\/div>\n\t\t\t\t\t<\/div>\n\t\t","protected":false},"excerpt":{"rendered":"<p>Tapio Haapalahti [Photo: Markku Lilja] Tapio Haapalahti [Photo: Ari Kalinen] Tapio Haapalahti [Photo: Ari Kalinen] Olen 1962 Oulussa syntynyt valokuvaaja (VAT) ja valokuvataiteija, sek\u00e4 vaihtoehtoisten vedostustekniikoiden kouluttaja.Ensimm\u00e4iset kuvani otin, kehitin ja vedostin tuossa 70-luvun loppupuolella. Siit\u00e4 saakka olen kuvaillut vaihtelevalla&#8230; <a href=\"https:\/\/tapiohaapalahti.fi\/\" class=\"read-more\">Read More<\/a><\/p>\n","protected":false},"author":1,"featured_media":0,"parent":0,"menu_order":0,"comment_status":"closed","ping_status":"open","template":"","meta":[],"_links":{"self":[{"href":"https:\/\/tapiohaapalahti.fi\/index.php\/wp-json\/wp\/v2\/pages\/2"}],"collection":[{"href":"https:\/\/tapiohaapalahti.fi\/index.php\/wp-json\/wp\/v2\/pages"}],"about":[{"href":"https:\/\/tapiohaapalahti.fi\/index.php\/wp-json\/wp\/v2\/types\/page"}],"author":[{"embeddable":true,"href":"https:\/\/tapiohaapalahti.fi\/index.php\/wp-json\/wp\/v2\/users\/1"}],"replies":[{"embeddable":true,"href":"https:\/\/tapiohaapalahti.fi\/index.php\/wp-json\/wp\/v2\/comments?post=2"}],"version-history":[{"count":418,"href":"https:\/\/tapiohaapalahti.fi\/index.php\/wp-json\/wp\/v2\/pages\/2\/revisions"}],"predecessor-version":[{"id":19019,"href":"https:\/\/tapiohaapalahti.fi\/index.php\/wp-json\/wp\/v2\/pages\/2\/revisions\/19019"}],"wp:attachment":[{"href":"https:\/\/tapiohaapalahti.fi\/index.php\/wp-json\/wp\/v2\/media?parent=2"}],"curies":[{"name":"wp","href":"https:\/\/api.w.org\/{rel}","templated":true}]}}