{"id":1751,"date":"2020-05-28T20:06:34","date_gmt":"2020-05-28T17:06:34","guid":{"rendered":"http:\/\/tapiohaapalahti.fi\/?page_id=1751"},"modified":"2022-07-05T15:59:08","modified_gmt":"2022-07-05T12:59:08","slug":"ohjeita-vaihtoehtoisille-vedostusmenetelmille","status":"publish","type":"page","link":"https:\/\/tapiohaapalahti.fi\/index.php\/ohjeita-vaihtoehtoisille-vedostusmenetelmille\/","title":{"rendered":"Ohjeita vaihtoehtoisille vedostusmenetelmille"},"content":{"rendered":"\t\t<div data-elementor-type=\"wp-page\" data-elementor-id=\"1751\" class=\"elementor elementor-1751\">\n\t\t\t\t\t\t<div class=\"elementor-inner\">\n\t\t\t\t<div class=\"elementor-section-wrap\">\n\t\t\t\t\t\t\t\t\t<section class=\"elementor-section elementor-top-section elementor-element elementor-element-731be54 elementor-section-boxed elementor-section-height-default elementor-section-height-default\" data-id=\"731be54\" data-element_type=\"section\">\n\t\t\t\t\t\t<div class=\"elementor-container elementor-column-gap-default\">\n\t\t\t\t\t\t\t<div class=\"elementor-row\">\n\t\t\t\t\t<div class=\"elementor-column elementor-col-100 elementor-top-column elementor-element elementor-element-fed2df6\" data-id=\"fed2df6\" data-element_type=\"column\">\n\t\t\t<div class=\"elementor-column-wrap elementor-element-populated\">\n\t\t\t\t\t\t\t<div class=\"elementor-widget-wrap\">\n\t\t\t\t\t\t<div class=\"elementor-element elementor-element-64d23fd elementor-widget elementor-widget-text-editor\" data-id=\"64d23fd\" data-element_type=\"widget\" data-widget_type=\"text-editor.default\">\n\t\t\t\t<div class=\"elementor-widget-container\">\n\t\t\t\t\t\t\t\t<div class=\"elementor-text-editor elementor-clearfix\">\n\t\t\t\t<p>\u00a0<\/p>\n<div title=\"Page 1\">\n<div>\n<div>\n<p style=\"margin-bottom: 0.21cm; color: #000000; font-size: medium;\"><span style=\"font-family: Arial;\"><span style=\"font-size: 16pt;\"><b>Syanotypia <\/b><\/span><\/span><span style=\"font-family: ArialMT;\"><span style=\"font-size: 16pt;\">(ka\u0308ytto\u0308ohje 100ml)<\/span><\/span><\/p>\n<p style=\"margin-bottom: 0.21cm; color: #000000; font-size: medium;\"><span style=\"font-family: Arial;\"><span style=\"font-size: small;\"><b>Liuokset<\/b><\/span><\/span><\/p>\n<p style=\"margin-bottom: 0.21cm; color: #000000; font-size: medium;\"><span style=\"font-family: ArialMT;\"><span style=\"font-size: small;\">Pakkauksessa on punnittuna kemikaalit liuoksia A (ammoniumferrisitraatti 25g) ja B (kaliumferrisyanidi 10g) kumpaakin 100ml:a varten.<br \/>Suolat liuotetaan lisa\u0308a\u0308ma\u0308lla\u0308 pulloihin puhdasta (mieluiten tislattua tai ionivaihdettua) vetta\u0308 n. 4\/5 pullon tilavuudesta ja sekoitetaan pulloa ka\u0308a\u0308ntelema\u0308lla\u0308.<br \/>Kun jauhe on liuennut, ta\u0308yteta\u0308a\u0308n pullot 100 ml:aan.<br \/>On suositeltavaa antaa liuosten \u201ckypsya\u0308\u201d seuraavaan pa\u0308iva\u0308a\u0308n ennen ka\u0308ytto\u0308a\u0308.<br \/>Liuokset A ja B sa\u0308ilyva\u0308t kohtalaisen hyvin suljetuissa pulloissa pimea\u0308ssa\u0308.<br \/>Myo\u0308s kuivat suolat on syyta\u0308 sa\u0308ilytta\u0308a\u0308 pimea\u0308ssa\u0308.<\/span><\/span><\/p>\n<p style=\"margin-bottom: 0.21cm; color: #000000; font-size: medium;\"><span style=\"font-family: Arial;\"><span style=\"font-size: small;\"><b>Paperin herkistys<\/b><\/span><\/span><\/p>\n<p style=\"margin-bottom: 0.21cm; color: #000000; font-size: medium;\"><span style=\"font-family: ArialMT;\"><span style=\"font-size: small;\">Valmistettava herkistysliuos on valoherkka\u0308a\u0308, joten liuoksen valmistus ja paperien herkistys on tehta\u0308va\u0308 joko heikossa, epa\u0308suorassa hehkulampun valossa tai pimio\u0308n suojavalossa.<br \/>Herkistysliuoksen valmistamiseksi yhta\u0308 suuri tilavuus liuoksia A ja B yhdisteta\u0308a\u0308n ja sekoitetaan keskena\u0308a\u0308n. Valmis herkistysliuos ei ole kovin sa\u0308ilyva\u0308a\u0308, joten sita\u0308 kannattaa valmistaa vain kerralla tarvittava ma\u0308a\u0308ra\u0308. Sekoitetun herkistysliuoksen tulee olla va\u0308rilta\u0308a\u0308n vaalean kellanvihrea\u0308. Tarvittava tilavuus riippuu herkistetta\u0308vien paperien ma\u0308a\u0308ra\u0308sta\u0308, koosta ja huokoisuudesta. Yleensa\u0308 n. 1,5-2 ml riitta\u0308a\u0308 20&#215;25 alan herkista\u0308miseen. Paperi on hyva\u0308 kiinnitta\u0308a\u0308 reunoistaan kevyesti alustaan esim. maalarinteipilla\u0308 tai neuloilla. Tarvittava tilavuus herkistysliuosta kaadetaan paperille ja leviteta\u0308a\u0308n va\u0308litto\u0308ma\u0308sti tasaisesti halutulle alalle pensselilla\u0308 tai muulla va\u0308lineella\u0308 (siveltimiss\u00e4 ei saisi olla metallia). Paperin annetaan ilmakuivua pimea\u0308ssa\u0308 tai se voidaan kuivata miedolla la\u0308mmo\u0308lla\u0308 hiustenkuivaajalla. Myo\u0308s herkistetty, valottamaton paperi on va\u0308rilta\u0308a\u0308n vaalean kellanvihrea\u0308.<br \/>Herkistetty paperi tulee valottaa mahdollisimman nopeasti kuivumisen j\u00e4lkeen, herkistetyn paperin s\u00e4ilyvyys on heikko.<\/span><\/span><\/p>\n<p style=\"margin-bottom: 0.21cm; color: #000000; font-size: medium;\"><span style=\"font-family: Arial;\"><span style=\"font-size: small;\"><b>Valotus<\/b><\/span><\/span><\/p>\n<p style=\"margin-bottom: 0.21cm; color: #000000; font-size: medium;\"><span style=\"font-family: ArialMT;\"><span style=\"font-size: small;\">Valotettava paperi asetetaan yhdessa\u0308 negatiivin kanssa valotuskehykseen tai kahden lasilevyn va\u0308liin tiiviissa\u0308 kontaktissa keskena\u0308a\u0308n ja valotetaan auringon valossa tai UV-valossa kunnes kuvan tummat sa\u0308vyt alkavat solarisoitua (jos on ka\u0308ytetta\u0308vissa\u0308 valotuskehys, voidaan valotuksen vaikutusta tarkastella kesken valotuksen menetta\u0308ma\u0308tta\u0308 kohdistusta). Ka\u0308yta\u0308nno\u0308ssa\u0308 valotusaika on haettava kokeilemalla. T\u00e4ysin valottuneen kohdan v\u00e4ri on yleens\u00e4 hyvin tumman oliivin vihre\u00e4.<\/span><\/span><\/p>\n<p style=\"margin-bottom: 0.21cm; color: #000000; font-size: medium;\">\u201c<span style=\"font-family: Arial;\"><span style=\"font-size: small;\"><b>Kehitys\u201d<\/b><\/span><\/span><\/p>\n<p style=\"margin-bottom: 0.21cm; color: #000000; font-size: medium;\"><span style=\"font-family: ArialMT;\"><span style=\"font-size: small;\">Valotettua kuvaa pesta\u0308a\u0308n juoksevassa vedessa\u0308 va\u0308hinta\u0308a\u0308n 5 \u2013 10 minuuttia tai kunnes keltainen va\u0308ri on kokonaan ha\u0308vinnyt. Kuvasa\u0308vy on ta\u0308ssa\u0308 vaiheessa viela\u0308 hieman vaalea, mutta se tummuu va\u0308hitellen ilman vaikutuksesta hapettumalla. Nopeammin lopullinen kuvasa\u0308vy saadaan ka\u0308sittelema\u0308lla\u0308 kuvaa lyhyen aikaa laimeassa vetyperoksidissa, minka\u0308 ja\u0308lkeen kuva huuhdotaan viela\u0308 hyvin juoksevassa vedessa\u0308.<\/span><\/span><\/p>\n<p style=\"margin-bottom: 0.21cm; color: #000000; font-size: medium;\"><span style=\"font-family: ArialMT;\"><span style=\"font-size: small;\">Valmis kuva kuivataan ilmakuivauksella tai puhtaiden imupaperien va\u0308lissa\u0308.<br \/>My\u00f6s matalal\u00e4mp\u00f6ist\u00e4 ns. Barytavedoskuivuria voi k\u00e4ytt\u00e4\u00e4.<\/span><\/span><\/p>\n<p style=\"margin-bottom: 0cm; color: #000000; font-size: medium;\">\u00a0<\/p>\n<\/div>\n<\/div>\n<\/div>\t\t\t\t\t<\/div>\n\t\t\t\t\t\t<\/div>\n\t\t\t\t<\/div>\n\t\t\t\t\t\t<\/div>\n\t\t\t\t\t<\/div>\n\t\t<\/div>\n\t\t\t\t\t\t\t\t<\/div>\n\t\t\t\t\t<\/div>\n\t\t<\/section>\n\t\t\t\t<section class=\"elementor-section elementor-top-section elementor-element elementor-element-00df73b elementor-section-boxed elementor-section-height-default elementor-section-height-default\" data-id=\"00df73b\" data-element_type=\"section\">\n\t\t\t\t\t\t<div class=\"elementor-container elementor-column-gap-default\">\n\t\t\t\t\t\t\t<div class=\"elementor-row\">\n\t\t\t\t\t<div class=\"elementor-column elementor-col-100 elementor-top-column elementor-element elementor-element-9f39e30\" data-id=\"9f39e30\" data-element_type=\"column\">\n\t\t\t<div class=\"elementor-column-wrap elementor-element-populated\">\n\t\t\t\t\t\t\t<div class=\"elementor-widget-wrap\">\n\t\t\t\t\t\t<div class=\"elementor-element elementor-element-087b8b2 elementor-widget elementor-widget-image\" data-id=\"087b8b2\" data-element_type=\"widget\" data-widget_type=\"image.default\">\n\t\t\t\t<div class=\"elementor-widget-container\">\n\t\t\t\t\t\t\t\t<div class=\"elementor-image\">\n\t\t\t\t\t\t\t\t\t\t\t\t<img decoding=\"async\" width=\"600\" height=\"60\" src=\"https:\/\/tapiohaapalahti.fi\/wp-content\/uploads\/2016\/09\/line.png\" class=\"attachment-large size-large\" alt=\"\" loading=\"lazy\" srcset=\"https:\/\/tapiohaapalahti.fi\/wp-content\/uploads\/2016\/09\/line.png 600w, https:\/\/tapiohaapalahti.fi\/wp-content\/uploads\/2016\/09\/line-300x30.png 300w\" sizes=\"(max-width: 600px) 100vw, 600px\" \/>\t\t\t\t\t\t\t\t\t\t\t\t\t\t<\/div>\n\t\t\t\t\t\t<\/div>\n\t\t\t\t<\/div>\n\t\t\t\t\t\t<\/div>\n\t\t\t\t\t<\/div>\n\t\t<\/div>\n\t\t\t\t\t\t\t\t<\/div>\n\t\t\t\t\t<\/div>\n\t\t<\/section>\n\t\t\t\t<section class=\"elementor-section elementor-top-section elementor-element elementor-element-abc6a1c elementor-section-boxed elementor-section-height-default elementor-section-height-default\" data-id=\"abc6a1c\" data-element_type=\"section\">\n\t\t\t\t\t\t<div class=\"elementor-container elementor-column-gap-default\">\n\t\t\t\t\t\t\t<div class=\"elementor-row\">\n\t\t\t\t\t<div class=\"elementor-column elementor-col-100 elementor-top-column elementor-element elementor-element-7bd8ba8\" data-id=\"7bd8ba8\" data-element_type=\"column\">\n\t\t\t<div class=\"elementor-column-wrap elementor-element-populated\">\n\t\t\t\t\t\t\t<div class=\"elementor-widget-wrap\">\n\t\t\t\t\t\t<div class=\"elementor-element elementor-element-ed7e547 elementor-widget elementor-widget-text-editor\" data-id=\"ed7e547\" data-element_type=\"widget\" data-widget_type=\"text-editor.default\">\n\t\t\t\t<div class=\"elementor-widget-container\">\n\t\t\t\t\t\t\t\t<div class=\"elementor-text-editor elementor-clearfix\">\n\t\t\t\t<p><\/p>\n<h2><b>SUOLAPAPERI<\/b><\/h2>\n<p>William Henry Fox Talbot kehitti toimivaksi vanhimman hopeapaperiprosessin, suolapaperin, vuonna 1839.<br>Suolapaperivedostus on varhaisin valokuvan vedostusmenetelm\u00e4. Se on perimm\u00e4lt\u00e4\u00e4n negatiivin<br>vedostamista, liittyen vahvasti valokuvauksen varhaisimpaan historiaan.<br>Suolapaperi on tyypillinen ilmivedostusmenetelm\u00e4, jossa kuva ilmaantuu n\u00e4kyviin valotuksen kest\u00e4ess\u00e4.<br>Paperi k\u00e4sitell\u00e4\u00e4n aluksi suolaliuoksella, joka sis\u00e4lt\u00e4\u00e4 tavallista p\u00f6yt\u00e4suolaa (natriumkloridia) tai ammoniumsuolaa (salmiakkia eli ammoniumkloridia). Paperin kuivattelun j\u00e4lkeen sen pintaan sivell\u00e4\u00e4n hopeanitraattiliuosta.<br>Suolan ja hopeanitraatin kemiallisen reaktion kautta muodostuu hopeakloridia, joka on suolapaperin valonherkk\u00e4 yhdiste.<br>Gelatiini tai muut orgaaniset aineet, joita prosessi tarvitsee, lis\u00e4t\u00e4\u00e4n tavallisesti suolaliuokseen.<\/p>\n<p><b>K\u00e4ytett\u00e4v\u00e4t kemiat: <\/b><br><b>[Parannettu suolaliuos]<\/b><br>Ammoniumkloridi 6g<br>Kaliumsitraatti 6g<br>Gelatiini 2g<br>Puhdistettu vesi 300ml<br>Sekoita suolat 100ml vett\u00e4 huolellisesti ja lis\u00e4\u00e4 joukkoon gelatiini hyvin sekoittaen. Anna turvota n. 10 min.<br>Lis\u00e4\u00e4 liuokseen n. 50 asteinen vesi kunnes 300ml liuosta koko ajan sekoittaen, v\u00e4lt\u00e4 kuplia. Pid\u00e4 liuos n. 50<br>asteisena koko k\u00e4yt\u00f6n ajan vesihauteessa.<br>Liuos s\u00e4ilyy huonosti ja on l\u00e4mmitett\u00e4v\u00e4 jos k\u00e4ytet\u00e4\u00e4n j\u00e4\u00e4kaappis\u00e4ilytyksen j\u00e4lkeen.<br>Papereita voi suolata varastoon, kuivassa ja viile\u00e4ss\u00e4 ne s\u00e4ilyv\u00e4t hyvin, pitk\u00e4\u00e4nkin.<\/p>\n<p><b>[Parannettu hopeanitraattiherkiste]<\/b><br>Liuos A:<br>Hopeanitraatti 12g [LUE K\u00c4YTT\u00d6TURVATIEDOTE!]<br>Puhdistettu vesi 50ml<br>Liuos B:<br>Sitruunahappo 6g<br>Puhdistettu vesi 50ml<br>Liuota Hopeanitraatti 30ml vett\u00e4 kunnes kiteet liuenneet, lis\u00e4\u00e4 vett\u00e4 kunnes 50ml.<br>Varastoi ruskeaan\/mustaan lasipulloon ja varastoi pime\u00e4ss\u00e4\/viile\u00e4ss\u00e4. Liuos s\u00e4ilyy m\u00e4\u00e4r\u00e4tt\u00f6m\u00e4sti.<br>Herkistykseen k\u00e4ytet\u00e4\u00e4n yht\u00e4 suuret m\u00e4\u00e4r\u00e4t A ja B liuosta juuri ennen herkist\u00e4mist\u00e4 sekoitettuna.<\/p>\n<p><span style=\"font-weight: bold;\">[Valotuksen j\u00e4lkeinen 1. huuhteluliuos]<\/span><br>Sitruunahappo 10g<br>Ammoniumkloridi 30g<br>Puhdistettu vesi 1000ml<\/p>\n<p><b>[Kiinnite]<\/b><br>Natriuntiosulfaatti 100g<br>Natriumkarbonaatti 4g<br>Puhdistettu vesi 1000ml<\/p>\n<p><b>[Pesusuola]<\/b><br>Hopeavedos HCA<br>tai<br>Natriumsulfiitti 1% liuoksena<\/p>\n<p style=\"margin-bottom: 12px; font-variant-numeric: normal; font-variant-east-asian: normal; font-stretch: normal; font-size: 21.3px; line-height: normal; font-family: Arial; color: #000000;\"><span style=\"font-kerning: none;\"><b>Ty\u00f6nkulku&nbsp;<\/b><\/span><\/p>\n<p style=\"margin-bottom: 12px; font-variant-numeric: normal; font-variant-east-asian: normal; font-stretch: normal; font-size: 13.3px; line-height: normal; font-family: Arial; color: #000000;\"><span style=\"font-kerning: none;\"><b>Suolaus:&nbsp;<br><\/b><\/span><span style=\"font-size: 13.3px;\">Suolaus voidaan tehd\u00e4 normaalivalossa. Kiinnit\u00e4 paperi tukenaan alustaan. Suolaliuoksen tulee olla n. 50 asteista.<br>Levit\u00e4 siveltimell\u00e4 runsaasti liuosta. Voit levitt\u00e4\u00e4 yli toivotun kuva-alan. Anna kuivua kiinnitettyn\u00e4 alustaan.<br>Papereita voi suolata \u201dvarastoon\u201d my\u00f6hemp\u00e4\u00e4 k\u00e4ytt\u00f6\u00e4 varten.<\/span><span style=\"font-size: 13.3px;\">&nbsp;<\/span><\/p>\n<p style=\"margin-bottom: 12px; font-variant-numeric: normal; font-variant-east-asian: normal; font-stretch: normal; font-size: 13.3px; line-height: normal; font-family: Arial; color: #000000;\"><span style=\"font-kerning: none;\"><b>Herkist\u00e4minen:&nbsp;<br><\/b><\/span><span style=\"font-size: 13.3px;\">Herkistys teht\u00e4v\u00e4 suojavalossa (normaali pimi\u00f6valaistus).<br><\/span><span style=\"font-size: 13.3px;\">Tee herkistysliuosta vain tarvittava m\u00e4\u00e4r\u00e4 kerrallaan (A ja B liuosta yht\u00e4 suuret m\u00e4\u00e4r\u00e4t). Tarvittavan herkisteen m\u00e4\u00e4r\u00e4n oppii kokelemalla.<br><\/span><span style=\"font-size: 13.3px;\">Levit\u00e4 HAKE-siveltimell\u00e4 tai metallittomalla synteettisell\u00e4 siveltimell\u00e4 jota on esikostutettu puhdistetussa vedess\u00e4.<br>\u00c4L\u00c4 K\u00c4YT\u00c4 T\u00c4T\u00c4 SIVELLINT\u00c4 MIHINK\u00c4\u00c4N MUUHUN KUIN T\u00c4M\u00c4N HERKISTEEN LEVITT\u00c4MISEEN!<br>Kuivaa pime\u00e4ss\u00e4\/suojavalossa. Herkist\u00e4 vain se m\u00e4\u00e4r\u00e4 mit\u00e4 valotat n. 3 tunnin aikana.<br><\/span><span style=\"font-size: 13.3px;\">Herkistetty paperi hunnuttuu nopeasti.<\/span><span style=\"font-size: 13.3px;\">&nbsp;<\/span><\/p>\n<p style=\"margin-bottom: 12px; font-variant-numeric: normal; font-variant-east-asian: normal; font-stretch: normal; font-size: 13.3px; line-height: normal; font-family: Arial; color: #000000;\"><span style=\"font-kerning: none;\"><b>Valottaminen:&nbsp;<br><\/b><\/span><span style=\"font-size: 13.3px;\">Pinnakkaistekniikalla UV-valon l\u00e4hteell\u00e4 tai auringossa.<br><\/span><span style=\"font-size: 13.3px;\">Harmaakiilalla testiliuskat oikean valotuksen saavuttamiseksi.<br><\/span><span style=\"font-size: 13.3px;\">Yleens\u00e4 valotettava huomattavasti haluttua s\u00e4vy\u00e4 tummemmaksi, koska kuva vaalenee m\u00e4rk\u00e4prosessissa.<\/span><span style=\"font-size: 13.3px;\">&nbsp;<\/span><\/p>\n<p style=\"margin-bottom: 12px; font-variant-numeric: normal; font-variant-east-asian: normal; font-stretch: normal; font-size: 13.3px; line-height: normal; font-family: Arial; color: #000000;\"><span style=\"font-kerning: none;\"><b>Huuhtelu:&nbsp;<br><\/b><\/span><span style=\"font-size: 13.3px;\">Huuhtelut tehd\u00e4\u00e4n suojavalossa kevyesti liikutellen.<br><\/span><span style=\"font-size: 13.3px;\">1. huuhtelu suolaliuoksessa (ks. kemiaohje) 5 minuuttia.<br>2. huuhtelu puhtaalla vedell\u00e4 5minuuttia<\/span><span style=\"font-size: 13.3px;\">&nbsp;<\/span><\/p>\n<p style=\"margin-bottom: 12px; font-variant-numeric: normal; font-variant-east-asian: normal; font-stretch: normal; font-size: 13.3px; line-height: normal; font-family: Arial; color: #000000;\"><span style=\"font-kerning: none;\"><b>S\u00e4vytys: <\/b>(ei pakollista)<br><\/span><span style=\"font-size: 13.3px;\">S\u00e4vytteen ohjeen mukaisesti.<br>Huuhtelu vedess\u00e4 ennen kiinnityst\u00e4!<\/span><\/p>\n<p style=\"margin-bottom: 12px; font-variant-numeric: normal; font-variant-east-asian: normal; font-stretch: normal; font-size: 13.3px; line-height: normal; font-family: Arial; color: #000000;\"><span style=\"font-kerning: none;\"><b>Kiinnitys:&nbsp;<br><\/b><\/span><span style=\"font-size: 13.3px;\">Voi tehd\u00e4 normaalissa himme\u00e4ss\u00e4 huoneen valossa.<br><\/span><span style=\"font-size: 13.3px;\">K\u00e4yt\u00e4 aina tuoretta kiinnitett\u00e4. Kapasiteetti n. 8 \u2013 10 A4 kokoista arkkia \/ 1 litra. 2-vaihekiinnitys suositeltavaa.<br><\/span><span style=\"font-size: 13.3px;\">Kiinnitysaika 5 minuuttia.<\/span><span style=\"font-size: 13.3px;\">&nbsp;<\/span><\/p>\n<p style=\"margin-bottom: 12px; font-variant-numeric: normal; font-variant-east-asian: normal; font-stretch: normal; font-size: 13.3px; line-height: normal; font-family: Arial; color: #000000;\"><span style=\"font-kerning: none;\"><b>Pesusuola: <\/b>(vaihe ei pakollinen)<br><\/span><span style=\"font-size: 13.3px;\">Pesusuolak\u00e4sittely 4-5 minuuttia v\u00e4hent\u00e4\u00e4 merkitt\u00e4v\u00e4sti loppupesun aikaa.<\/span><span style=\"font-size: 13.3px;\">&nbsp;<\/span><\/p>\n<p style=\"margin-bottom: 12px; font-variant-numeric: normal; font-variant-east-asian: normal; font-stretch: normal; font-size: 13.3px; line-height: normal; font-family: Arial; color: #000000;\"><span style=\"font-kerning: none;\"><b>Loppuhuuhtelu:&nbsp;<br><\/b><\/span><span style=\"font-size: 13.3px;\">Juoksevassa vedess\u00e4 tai useasti vett\u00e4 vaihtaen.<\/span><span style=\"font-size: 13.3px;\">&nbsp;<br><\/span><span style=\"font-size: 13.3px;\"><i><b>K\u00c4YT\u00c4 HAALEAA\/VIILE\u00c4\u00c4 VETT\u00c4!&nbsp;<br><\/b><\/i><\/span><span style=\"font-size: 13.3px;\">Loppuhuuhtelu 25 \u2013 60 minuuttia.<\/span><span style=\"font-size: 13.3px;\">&nbsp;<\/span><\/p>\n<p style=\"margin-bottom: 12px; font-variant-numeric: normal; font-variant-east-asian: normal; font-stretch: normal; font-size: 13.3px; line-height: normal; font-family: Arial; color: #000000;\"><span style=\"font-kerning: none;\"><b>Kuivatus:&nbsp;<br><\/b><\/span><span style=\"font-size: 13.3px;\">Samoin kuten baryyttipaperi.<br><\/span><span style=\"font-size: 13.3px;\">Kuivuessaan vedos hieman tummenee, menett\u00e4\u00e4 kontrastia ja s\u00e4vy viilenee hieman.<\/span><span style=\"font-size: 13.3px;\">&nbsp;<\/span><\/p>\t\t\t\t\t<\/div>\n\t\t\t\t\t\t<\/div>\n\t\t\t\t<\/div>\n\t\t\t\t\t\t<\/div>\n\t\t\t\t\t<\/div>\n\t\t<\/div>\n\t\t\t\t\t\t\t\t<\/div>\n\t\t\t\t\t<\/div>\n\t\t<\/section>\n\t\t\t\t\t\t\t\t\t<\/div>\n\t\t\t<\/div>\n\t\t\t\t\t<\/div>\n\t\t","protected":false},"excerpt":{"rendered":"<p>\u00a0 Syanotypia (ka\u0308ytto\u0308ohje 100ml) Liuokset Pakkauksessa on punnittuna kemikaalit liuoksia A (ammoniumferrisitraatti 25g) ja B (kaliumferrisyanidi 10g) kumpaakin 100ml:a varten.Suolat liuotetaan lisa\u0308a\u0308ma\u0308lla\u0308 pulloihin puhdasta (mieluiten tislattua tai ionivaihdettua) vetta\u0308 n. 4\/5 pullon tilavuudesta ja sekoitetaan pulloa ka\u0308a\u0308ntelema\u0308lla\u0308.Kun jauhe on liuennut,&#8230; <a href=\"https:\/\/tapiohaapalahti.fi\/index.php\/ohjeita-vaihtoehtoisille-vedostusmenetelmille\/\" class=\"read-more\">Read More<\/a><\/p>\n","protected":false},"author":1,"featured_media":0,"parent":0,"menu_order":0,"comment_status":"closed","ping_status":"closed","template":"","meta":[],"_links":{"self":[{"href":"https:\/\/tapiohaapalahti.fi\/index.php\/wp-json\/wp\/v2\/pages\/1751"}],"collection":[{"href":"https:\/\/tapiohaapalahti.fi\/index.php\/wp-json\/wp\/v2\/pages"}],"about":[{"href":"https:\/\/tapiohaapalahti.fi\/index.php\/wp-json\/wp\/v2\/types\/page"}],"author":[{"embeddable":true,"href":"https:\/\/tapiohaapalahti.fi\/index.php\/wp-json\/wp\/v2\/users\/1"}],"replies":[{"embeddable":true,"href":"https:\/\/tapiohaapalahti.fi\/index.php\/wp-json\/wp\/v2\/comments?post=1751"}],"version-history":[{"count":101,"href":"https:\/\/tapiohaapalahti.fi\/index.php\/wp-json\/wp\/v2\/pages\/1751\/revisions"}],"predecessor-version":[{"id":18976,"href":"https:\/\/tapiohaapalahti.fi\/index.php\/wp-json\/wp\/v2\/pages\/1751\/revisions\/18976"}],"wp:attachment":[{"href":"https:\/\/tapiohaapalahti.fi\/index.php\/wp-json\/wp\/v2\/media?parent=1751"}],"curies":[{"name":"wp","href":"https:\/\/api.w.org\/{rel}","templated":true}]}}