{"id":1679,"date":"2020-02-19T18:49:13","date_gmt":"2020-02-19T16:49:13","guid":{"rendered":"http:\/\/tapiohaapalahti.fi\/?page_id=1679"},"modified":"2024-02-01T14:00:30","modified_gmt":"2024-02-01T12:00:30","slug":"nayttelyni","status":"publish","type":"page","link":"https:\/\/tapiohaapalahti.fi\/index.php\/nayttelyni\/","title":{"rendered":"N\u00c4YTTELYNI"},"content":{"rendered":"\t\t<div data-elementor-type=\"wp-page\" data-elementor-id=\"1679\" class=\"elementor elementor-1679\">\n\t\t\t\t\t\t<div class=\"elementor-inner\">\n\t\t\t\t<div class=\"elementor-section-wrap\">\n\t\t\t\t\t\t\t\t\t<section class=\"elementor-section elementor-top-section elementor-element elementor-element-5bc68e5 elementor-section-boxed elementor-section-height-default elementor-section-height-default\" data-id=\"5bc68e5\" data-element_type=\"section\">\n\t\t\t\t\t\t<div class=\"elementor-container elementor-column-gap-default\">\n\t\t\t\t\t\t\t<div class=\"elementor-row\">\n\t\t\t\t\t<div class=\"elementor-column elementor-col-100 elementor-top-column elementor-element elementor-element-375bb03\" data-id=\"375bb03\" data-element_type=\"column\">\n\t\t\t<div class=\"elementor-column-wrap elementor-element-populated\">\n\t\t\t\t\t\t\t<div class=\"elementor-widget-wrap\">\n\t\t\t\t\t\t<div class=\"elementor-element elementor-element-4c93ec4 elementor-widget elementor-widget-text-editor\" data-id=\"4c93ec4\" data-element_type=\"widget\" data-widget_type=\"text-editor.default\">\n\t\t\t\t<div class=\"elementor-widget-container\">\n\t\t\t\t\t\t\t\t<div class=\"elementor-text-editor elementor-clearfix\">\n\t\t\t\t<p>Lukuisia ryhm\u00e4n\u00e4yttelyit\u00e4 ajalla 1981 \u2013 2006. Osallistunut vain 1 &#8211; 2 ty\u00f6ll\u00e4 \/ n\u00e4yttely.<br><br>6\/2006 Ravintola Rusty Angel, Tampere. \u201cAngels of Darknes\u201d MV-kuitupaperivedoksia.<br><br>6\/2009 Alfragide Center Portugali, \u201cState of mind\u201d, Hopeavedoksia laakafilmeist\u00e4.<br><br><a href=\"https:\/\/tapiohaapalahti.fi\/index.php\/nayttelyni-killinkosken-wanhalla-tehtaalla-92014\/\" target=\"_blank\" rel=\"noopener\">8\/2014 Killinkoski, Killin Kalleria: Suuria syanotypia t\u00f6it\u00e4 &amp; 8&#215;10&#8243; dioja valolaatikoissa.<\/a><br><br>9\/2015 TCF, Tampere \u201cRay of Moonlight\u201d. K\u00e4\u00e4nt\u00f6kehitettyj\u00e4 paperinegatiivivedoksia.<br><br>9\/2016 TCF, Tampere \u201c2 faces of pain\u201d. Kemiallisesti manipuloituja hopeavedoksia.<br><br><a href=\"https:\/\/tapiohaapalahti.fi\/index.php\/a-dash-of-salt-myyntinayttely-lielahden-kartanolla-12-2017\/\" target=\"_blank\" rel=\"noopener\">12\/2017&nbsp;Lielahden kartano \u201cDash of Salt\u201d&nbsp;myyntin\u00e4yttely.<\/a><br><br><a href=\"https:\/\/tapiohaapalahti.fi\/index.php\/nayttelyni-lielahden-kartanon-kahvilassa-1-2018\/\" target=\"_blank\" rel=\"noopener\">1\/2018 Lielahden kartano \u201cDash of Salt II\u201d Suolapaperivedoksia.<\/a><br><br>3\/2019 Etel\u00e4-Pohjanmaan Valon Kuvaajien ryhm\u00e4n\u00e4yttely, Kurikka, Wanha Asema.<br><br>5-9\/2019 Merimiehen Vaimon Satamakauppa Kuhmoinen,&nbsp;\u201cOodeja ulapalta ja Rantojen muistoja\u201d<br>Laaja retrospektiivinen n\u00e4yttely,&nbsp;eri tekniikoita ja toteutustapoja.<br><br>11\/2019 Lapua Art Biennale 2019, Osallistuminen 3:lla m\/v teoksella.<br><br>12\/2021 Kurikan Kuvataideyhdistys Ry:n jouluinen myyntin\u00e4yttely (10 teosta)<br><br>4-7\/2022 60v taiteilijan juhlan\u00e4yttely \u201dThe Final Cut\u201d, Galleria Kurikan Wanha Asema<br><br>27.8.-17.9.2022 &#8221;Final Cut (revisited)&#8221; Galleria Muuntotila, Tampere<\/p>\t\t\t\t\t<\/div>\n\t\t\t\t\t\t<\/div>\n\t\t\t\t<\/div>\n\t\t\t\t\t\t<\/div>\n\t\t\t\t\t<\/div>\n\t\t<\/div>\n\t\t\t\t\t\t\t\t<\/div>\n\t\t\t\t\t<\/div>\n\t\t<\/section>\n\t\t\t\t\t\t\t\t\t<\/div>\n\t\t\t<\/div>\n\t\t\t\t\t<\/div>\n\t\t","protected":false},"excerpt":{"rendered":"<p>Lukuisia ryhm\u00e4n\u00e4yttelyit\u00e4 ajalla 1981 \u2013 2006. Osallistunut vain 1 &#8211; 2 ty\u00f6ll\u00e4 \/ n\u00e4yttely. 6\/2006 Ravintola Rusty Angel, Tampere. \u201cAngels of Darknes\u201d MV-kuitupaperivedoksia. 6\/2009 Alfragide Center Portugali, \u201cState of mind\u201d, Hopeavedoksia laakafilmeist\u00e4. 8\/2014 Killinkoski, Killin Kalleria: Suuria syanotypia t\u00f6it\u00e4 &amp;&#8230; <a href=\"https:\/\/tapiohaapalahti.fi\/index.php\/nayttelyni\/\" class=\"read-more\">Read More<\/a><\/p>\n","protected":false},"author":1,"featured_media":0,"parent":0,"menu_order":0,"comment_status":"closed","ping_status":"closed","template":"","meta":[],"_links":{"self":[{"href":"https:\/\/tapiohaapalahti.fi\/index.php\/wp-json\/wp\/v2\/pages\/1679"}],"collection":[{"href":"https:\/\/tapiohaapalahti.fi\/index.php\/wp-json\/wp\/v2\/pages"}],"about":[{"href":"https:\/\/tapiohaapalahti.fi\/index.php\/wp-json\/wp\/v2\/types\/page"}],"author":[{"embeddable":true,"href":"https:\/\/tapiohaapalahti.fi\/index.php\/wp-json\/wp\/v2\/users\/1"}],"replies":[{"embeddable":true,"href":"https:\/\/tapiohaapalahti.fi\/index.php\/wp-json\/wp\/v2\/comments?post=1679"}],"version-history":[{"count":35,"href":"https:\/\/tapiohaapalahti.fi\/index.php\/wp-json\/wp\/v2\/pages\/1679\/revisions"}],"predecessor-version":[{"id":19031,"href":"https:\/\/tapiohaapalahti.fi\/index.php\/wp-json\/wp\/v2\/pages\/1679\/revisions\/19031"}],"wp:attachment":[{"href":"https:\/\/tapiohaapalahti.fi\/index.php\/wp-json\/wp\/v2\/media?parent=1679"}],"curies":[{"name":"wp","href":"https:\/\/api.w.org\/{rel}","templated":true}]}}