{"id":1045,"date":"2017-12-13T12:27:42","date_gmt":"2017-12-13T10:27:42","guid":{"rendered":"http:\/\/tapiohaapalahti.fi\/?page_id=1045"},"modified":"2018-01-11T18:29:03","modified_gmt":"2018-01-11T16:29:03","slug":"nayttelyni-lielahden-kartanon-kahvilassa-1-2018","status":"publish","type":"page","link":"https:\/\/tapiohaapalahti.fi\/index.php\/nayttelyni-lielahden-kartanon-kahvilassa-1-2018\/","title":{"rendered":"N\u00e4yttelyni Lielahden kartanon kahvilassa 1\/2018"},"content":{"rendered":"\t\t<div data-elementor-type=\"wp-post\" data-elementor-id=\"1045\" class=\"elementor elementor-1045 elementor-bc-flex-widget\">\n\t\t\t\t\t\t<div class=\"elementor-inner\">\n\t\t\t\t<div class=\"elementor-section-wrap\">\n\t\t\t\t\t\t\t\t\t<section class=\"elementor-section elementor-top-section elementor-element elementor-element-3c8e4a46 elementor-section-boxed elementor-section-height-default elementor-section-height-default\" data-id=\"3c8e4a46\" data-element_type=\"section\">\n\t\t\t\t\t\t<div class=\"elementor-container elementor-column-gap-default\">\n\t\t\t\t\t\t\t<div class=\"elementor-row\">\n\t\t\t\t\t<div class=\"elementor-column elementor-col-100 elementor-top-column elementor-element elementor-element-620dda13\" data-id=\"620dda13\" data-element_type=\"column\">\n\t\t\t<div class=\"elementor-column-wrap elementor-element-populated\">\n\t\t\t\t\t\t\t<div class=\"elementor-widget-wrap\">\n\t\t\t\t\t\t<div class=\"elementor-element elementor-element-5a19022 elementor-widget elementor-widget-text-editor\" data-id=\"5a19022\" data-element_type=\"widget\" data-widget_type=\"text-editor.default\">\n\t\t\t\t<div class=\"elementor-widget-container\">\n\t\t\t\t\t\t\t\t<div class=\"elementor-text-editor elementor-clearfix\">\n\t\t\t\t<h3 style=\"text-align: center;\"><strong><span style=\"color: #ffffff;\">Tapio Haapalahden taiden\u00e4yttely Lielahden kartanon kahvilassa 5.1. &#8211; 3.2.2018<\/span><br \/><span style=\"color: #ffffff;\"> Kahvila avoinna (ma-su klo 11-17:00)<\/span><\/strong><\/h3><h6 style=\"text-align: center;\"><span style=\"color: #ffcc00;\"><a style=\"color: #ffcc00;\" href=\"http:\/\/valiaikainenhiedanranta.fi\/tietoa-hiedanrannasta\/nain-saavut-hiedanrantaan\">Kartano-kahvila Mielihyvin, Lielahdenkatu 14, Tampere<\/a><\/span><br \/><img decoding=\"async\" loading=\"lazy\" class=\"size-full wp-image-247 aligncenter\" src=\"http:\/\/tapiohaapalahti.fi\/wp-content\/uploads\/2016\/09\/line.png\" alt=\"\" width=\"600\" height=\"60\" srcset=\"https:\/\/tapiohaapalahti.fi\/wp-content\/uploads\/2016\/09\/line.png 600w, https:\/\/tapiohaapalahti.fi\/wp-content\/uploads\/2016\/09\/line-300x30.png 300w\" sizes=\"(max-width: 600px) 100vw, 600px\" \/><\/h6><p style=\"text-align: center;\"><img decoding=\"async\" loading=\"lazy\" class=\"size-large wp-image-1050 aligncenter\" src=\"http:\/\/tapiohaapalahti.fi\/wp-content\/uploads\/2017\/12\/2017_TF-2-1024x410.jpg\" alt=\"\" width=\"640\" height=\"256\" srcset=\"https:\/\/tapiohaapalahti.fi\/wp-content\/uploads\/2017\/12\/2017_TF-2-1024x410.jpg 1024w, https:\/\/tapiohaapalahti.fi\/wp-content\/uploads\/2017\/12\/2017_TF-2-300x120.jpg 300w, https:\/\/tapiohaapalahti.fi\/wp-content\/uploads\/2017\/12\/2017_TF-2-768x307.jpg 768w, https:\/\/tapiohaapalahti.fi\/wp-content\/uploads\/2017\/12\/2017_TF-2.jpg 1500w\" sizes=\"(max-width: 640px) 100vw, 640px\" \/><\/p><h6><span style=\"color: #ffffff;\"><strong>\u201dHere we are, trapped in the amber of the moment.<br \/> There is no why.\u201d<br \/> \u2013 Kurt Vonnegut \u2013<\/strong><\/span><\/h6>\t\t\t\t\t<\/div>\n\t\t\t\t\t\t<\/div>\n\t\t\t\t<\/div>\n\t\t\t\t\t\t<\/div>\n\t\t\t\t\t<\/div>\n\t\t<\/div>\n\t\t\t\t\t\t\t\t<\/div>\n\t\t\t\t\t<\/div>\n\t\t<\/section>\n\t\t\t\t<section class=\"elementor-section elementor-top-section elementor-element elementor-element-a115f68 elementor-section-boxed elementor-section-height-default elementor-section-height-default\" data-id=\"a115f68\" data-element_type=\"section\">\n\t\t\t\t\t\t<div class=\"elementor-container elementor-column-gap-default\">\n\t\t\t\t\t\t\t<div class=\"elementor-row\">\n\t\t\t\t\t<div class=\"elementor-column elementor-col-100 elementor-top-column elementor-element elementor-element-ef38aad\" data-id=\"ef38aad\" data-element_type=\"column\">\n\t\t\t<div class=\"elementor-column-wrap elementor-element-populated\">\n\t\t\t\t\t\t\t<div class=\"elementor-widget-wrap\">\n\t\t\t\t\t\t<div class=\"elementor-element elementor-element-023396f elementor-widget elementor-widget-text-editor\" data-id=\"023396f\" data-element_type=\"widget\" data-widget_type=\"text-editor.default\">\n\t\t\t\t<div class=\"elementor-widget-container\">\n\t\t\t\t\t\t\t\t<div class=\"elementor-text-editor elementor-clearfix\">\n\t\t\t\t<p style=\"text-align: center;\">N\u00e4yttelyyni voi tutustua p\u00e4ivisin kahvilan aukiollessa 11:00 &#8211; 17:00 aina 3.2.2018 saakka.<br \/>Olen henkil\u00f6kohtaisesti kahvilalla kertoilemassa t\u00f6ist\u00e4ni kiinnostuneille sunnuntaina 14.1. klo 12 &#8211; 14:00.<\/p><p style=\"text-align: center;\"><b>Tervetuloa!<\/b><br \/>P.S. Osa teoksista my\u00f6s myyt\u00e4v\u00e4n\u00e4<br \/><span style=\"color: #000080;\"><strong><a style=\"color: #000080;\" href=\"http:\/\/valiaikainenhiedanranta.fi\/tietoa-hiedanrannasta\/nain-saavut-hiedanrantaan\">AJO-OHJE KAHVILALLE T\u00c4SS\u00c4 LINKISS\u00c4<\/a><\/strong><\/span><\/p>\t\t\t\t\t<\/div>\n\t\t\t\t\t\t<\/div>\n\t\t\t\t<\/div>\n\t\t\t\t\t\t<\/div>\n\t\t\t\t\t<\/div>\n\t\t<\/div>\n\t\t\t\t\t\t\t\t<\/div>\n\t\t\t\t\t<\/div>\n\t\t<\/section>\n\t\t\t\t\t\t\t\t\t<\/div>\n\t\t\t<\/div>\n\t\t\t\t\t<\/div>\n\t\t","protected":false},"excerpt":{"rendered":"<p>Tapio Haapalahden taiden\u00e4yttely Lielahden kartanon kahvilassa 5.1. &#8211; 3.2.2018 Kahvila avoinna (ma-su klo 11-17:00) Kartano-kahvila Mielihyvin, Lielahdenkatu 14, Tampere \u201dHere we are, trapped in the amber of the moment. There is no why.\u201d \u2013 Kurt Vonnegut \u2013 N\u00e4yttelyyni voi tutustua&#8230; <a href=\"https:\/\/tapiohaapalahti.fi\/index.php\/nayttelyni-lielahden-kartanon-kahvilassa-1-2018\/\" class=\"read-more\">Read More<\/a><\/p>\n","protected":false},"author":1,"featured_media":0,"parent":0,"menu_order":0,"comment_status":"closed","ping_status":"closed","template":"","meta":[],"_links":{"self":[{"href":"https:\/\/tapiohaapalahti.fi\/index.php\/wp-json\/wp\/v2\/pages\/1045"}],"collection":[{"href":"https:\/\/tapiohaapalahti.fi\/index.php\/wp-json\/wp\/v2\/pages"}],"about":[{"href":"https:\/\/tapiohaapalahti.fi\/index.php\/wp-json\/wp\/v2\/types\/page"}],"author":[{"embeddable":true,"href":"https:\/\/tapiohaapalahti.fi\/index.php\/wp-json\/wp\/v2\/users\/1"}],"replies":[{"embeddable":true,"href":"https:\/\/tapiohaapalahti.fi\/index.php\/wp-json\/wp\/v2\/comments?post=1045"}],"version-history":[{"count":25,"href":"https:\/\/tapiohaapalahti.fi\/index.php\/wp-json\/wp\/v2\/pages\/1045\/revisions"}],"predecessor-version":[{"id":1081,"href":"https:\/\/tapiohaapalahti.fi\/index.php\/wp-json\/wp\/v2\/pages\/1045\/revisions\/1081"}],"wp:attachment":[{"href":"https:\/\/tapiohaapalahti.fi\/index.php\/wp-json\/wp\/v2\/media?parent=1045"}],"curies":[{"name":"wp","href":"https:\/\/api.w.org\/{rel}","templated":true}]}}