{"id":10347,"date":"2021-07-20T22:23:14","date_gmt":"2021-07-20T19:23:14","guid":{"rendered":"https:\/\/tapiohaapalahti.fi\/?page_id=10347"},"modified":"2021-07-20T22:27:39","modified_gmt":"2021-07-20T19:27:39","slug":"kaynnissa-olevat-projektit","status":"publish","type":"page","link":"https:\/\/tapiohaapalahti.fi\/index.php\/kaynnissa-olevat-projektit\/","title":{"rendered":"K\u00e4ynniss\u00e4 olevat projektit"},"content":{"rendered":"\n<p>T\u00e4\u00e4ll\u00e4 kaikki keskener\u00e4iset projektit statuksineen<\/p>\n","protected":false},"excerpt":{"rendered":"<p>T\u00e4\u00e4ll\u00e4 kaikki keskener\u00e4iset projektit statuksineen<\/p>\n","protected":false},"author":1,"featured_media":0,"parent":0,"menu_order":0,"comment_status":"closed","ping_status":"closed","template":"","meta":[],"_links":{"self":[{"href":"https:\/\/tapiohaapalahti.fi\/index.php\/wp-json\/wp\/v2\/pages\/10347"}],"collection":[{"href":"https:\/\/tapiohaapalahti.fi\/index.php\/wp-json\/wp\/v2\/pages"}],"about":[{"href":"https:\/\/tapiohaapalahti.fi\/index.php\/wp-json\/wp\/v2\/types\/page"}],"author":[{"embeddable":true,"href":"https:\/\/tapiohaapalahti.fi\/index.php\/wp-json\/wp\/v2\/users\/1"}],"replies":[{"embeddable":true,"href":"https:\/\/tapiohaapalahti.fi\/index.php\/wp-json\/wp\/v2\/comments?post=10347"}],"version-history":[{"count":2,"href":"https:\/\/tapiohaapalahti.fi\/index.php\/wp-json\/wp\/v2\/pages\/10347\/revisions"}],"predecessor-version":[{"id":10350,"href":"https:\/\/tapiohaapalahti.fi\/index.php\/wp-json\/wp\/v2\/pages\/10347\/revisions\/10350"}],"wp:attachment":[{"href":"https:\/\/tapiohaapalahti.fi\/index.php\/wp-json\/wp\/v2\/media?parent=10347"}],"curies":[{"name":"wp","href":"https:\/\/api.w.org\/{rel}","templated":true}]}}